{"id":1712,"date":"2020-04-08T18:27:54","date_gmt":"2020-04-08T18:27:54","guid":{"rendered":"https:\/\/wordpress.loopme.io\/vetenskaplig-social-media\/"},"modified":"2024-03-17T14:48:42","modified_gmt":"2024-03-17T13:48:42","slug":"vetenskaplig-social-media","status":"publish","type":"page","link":"https:\/\/www.loopme.io\/sv\/vetenskaplig-social-media\/","title":{"rendered":"Vetenskaplig social media"},"content":{"rendered":"<div class=\"wpb-content-wrapper\"><p>[vc_row][vc_column column_width_percent=&#8221;100&#8243; align_horizontal=&#8221;align_center&#8221; gutter_size=&#8221;3&#8243; overlay_alpha=&#8221;50&#8243; shift_x=&#8221;0&#8243; shift_y=&#8221;0&#8243; shift_y_down=&#8221;0&#8243; z_index=&#8221;0&#8243; medium_width=&#8221;0&#8243; mobile_width=&#8221;0&#8243; width=&#8221;1\/1&#8243;][vc_custom_heading separator=&#8221;yes&#8221; separator_color=&#8221;yes&#8221;]VAD \u00c4R VETENSKAPLIG SOCIAL MEDIA?[\/vc_custom_heading][\/vc_column][\/vc_row][vc_row][vc_column width=&#8221;1\/2&#8243;][vc_column_text uncode_shortcode_id=&#8221;160911&#8243;]LoopMe \u00e4r troligtvis den f\u00f6rsta sociala medieplattformen som \u00e4r designad, byggd och brett anv\u00e4nd specifikt f\u00f6r st\u00e4rkt vetenskaplighet. LoopMe \u00e4r d\u00e4rf\u00f6r ett illustrativt exempel p\u00e5 en vetenskaplig social media-plattform. Men vad \u00e4r &#8221;vetenskapliga social media&#8221; eller VSM?<\/p>\n<p>En VSM-plattform \u00e4r en social media-plattform optimerad f\u00f6r st\u00e4rkt vetenskaplighet (systematik) och anv\u00e4nds fr\u00e4mst f\u00f6r insamling och analys av data. Ett s\u00e4tt att beskriva VSM \u00e4r att j\u00e4mf\u00f6ra det med n\u00e5gra n\u00e4rliggande f\u00f6reteelser, se tabell 10.1 fr\u00e5n ett bokkapitel om LoopMe (ladda ner det <a href=\"http:\/\/vcplist.com\/wp-content\/uploads\/2019\/09\/Collecting-digital-research-data-through-smartphone-apps-190929.pdf\"><strong>h\u00e4r<\/strong><\/a>). Medan syftet med traditionella social media-plattformar \u00e4r att l\u00e5ta m\u00e4nniskor n\u00e4tverka (och att s\u00e4lja annonser), s\u00e5 \u00e4r syftet med en VSM-plattform snarare att underl\u00e4tta inl\u00e4rning f\u00f6r praktiker, ledare och \u00e4ven forskare.<\/p>\n<p>I en VSM-plattform l\u00e4r praktiker sig fr\u00e5n sociala l\u00e4rsituationer som triggas av VSM-plattformen, och ledare eller forskare l\u00e4r sig genom att analysera de stora m\u00e4ngder data som produceras via plattformen. Detta ger helt nya f\u00f6rdelar f\u00f6r b\u00e5de praktiker, ledare och forskare. Vi \u00e4r bara i b\u00f6rjan av att f\u00f6rst\u00e5 de m\u00e5nga f\u00f6rdelar som kan komma fr\u00e5n en VSM-strategi f\u00f6r m\u00e4nsklig handling. \u00c4ven om det huvudsakliga omr\u00e5det vi just nu anv\u00e4nder LoopMe inom \u00e4r utbildning, kan VSM f\u00f6rmodligen anv\u00e4ndas \u00e4ven inom en bred flora av andra omr\u00e5den som h\u00e4lsa och sjukv\u00e5rd, terapi, personlig utveckling, f\u00f6r\u00e4ldraskap, bantning, mentorskap, ledarskap, entrepren\u00f6rskap, sport, f\u00f6rs\u00e4ljning, personlig ekonomi och h\u00e5llbarhet. Framtiden f\u00e5r utvisa.[\/vc_column_text][\/vc_column][vc_column width=&#8221;1\/2&#8243;][vc_single_image media=&#8221;1704&#8243; media_width_percent=&#8221;100&#8243; shape=&#8221;img-round&#8221; radius=&#8221;std&#8221; border=&#8221;yes&#8221; shadow=&#8221;yes&#8221; shadow_weight=&#8221;std&#8221; uncode_shortcode_id=&#8221;147343&#8243; media_link=&#8221;url:http%3A%2F%2Fvcplist.com%2Fwp-content%2Fuploads%2F2019%2F09%2FCollecting-digital-research-data-through-smartphone-apps-190929.pdf|target:_blank&#8221;][\/vc_column][\/vc_row][vc_row][vc_column width=&#8221;1\/1&#8243;][\/vc_column][\/vc_row]<\/p>\n<\/div>","protected":false},"excerpt":{"rendered":"<p>[vc_row][vc_column column_width_percent=&#8221;100&#8243; align_horizontal=&#8221;align_center&#8221; gutter_size=&#8221;3&#8243; overlay_alpha=&#8221;50&#8243; shift_x=&#8221;0&#8243; shift_y=&#8221;0&#8243; shift_y_down=&#8221;0&#8243; z_index=&#8221;0&#8243; medium_width=&#8221;0&#8243; mobile_width=&#8221;0&#8243; width=&#8221;1\/1&#8243;][vc_custom_heading separator=&#8221;yes&#8221; separator_color=&#8221;yes&#8221;]VAD \u00c4R VETENSKAPLIG SOCIAL MEDIA?[\/vc_custom_heading][\/vc_column][\/vc_row][vc_row][vc_column width=&#8221;1\/2&#8243;][vc_column_text uncode_shortcode_id=&#8221;160911&#8243;]LoopMe [&hellip;]<\/p>\n","protected":false},"author":1,"featured_media":0,"parent":0,"menu_order":0,"comment_status":"closed","ping_status":"closed","template":"","meta":{"_monsterinsights_skip_tracking":false,"_monsterinsights_sitenote_active":false,"_monsterinsights_sitenote_note":"","_monsterinsights_sitenote_category":0,"footnotes":""},"class_list":["post-1712","page","type-page","status-publish","hentry"],"yoast_head":"<!-- This site is optimized with the Yoast SEO plugin v27.3 - https:\/\/yoast.com\/product\/yoast-seo-wordpress\/ -->\n<title>Vetenskaplig social media | LoopMe<\/title>\n<meta name=\"robots\" content=\"index, follow, max-snippet:-1, max-image-preview:large, max-video-preview:-1\" \/>\n<link rel=\"canonical\" href=\"https:\/\/www.loopme.io\/sv\/vetenskaplig-social-media\/\" \/>\n<meta property=\"og:locale\" content=\"sv_SE\" \/>\n<meta property=\"og:type\" content=\"article\" \/>\n<meta property=\"og:title\" content=\"Vetenskaplig social media | LoopMe\" \/>\n<meta property=\"og:description\" content=\"[vc_row][vc_column column_width_percent=&#8221;100&#8243; align_horizontal=&#8221;align_center&#8221; gutter_size=&#8221;3&#8243; overlay_alpha=&#8221;50&#8243; shift_x=&#8221;0&#8243; shift_y=&#8221;0&#8243; shift_y_down=&#8221;0&#8243; z_index=&#8221;0&#8243; medium_width=&#8221;0&#8243; mobile_width=&#8221;0&#8243; width=&#8221;1\/1&#8243;][vc_custom_heading separator=&#8221;yes&#8221; separator_color=&#8221;yes&#8221;]VAD \u00c4R VETENSKAPLIG SOCIAL MEDIA?[\/vc_custom_heading][\/vc_column][\/vc_row][vc_row][vc_column width=&#8221;1\/2&#8243;][vc_column_text uncode_shortcode_id=&#8221;160911&#8243;]LoopMe [&hellip;]\" \/>\n<meta property=\"og:url\" content=\"https:\/\/www.loopme.io\/sv\/vetenskaplig-social-media\/\" \/>\n<meta property=\"og:site_name\" content=\"LoopMe\" \/>\n<meta property=\"article:publisher\" content=\"https:\/\/www.facebook.com\/meanalytics\" \/>\n<meta property=\"article:modified_time\" content=\"2024-03-17T13:48:42+00:00\" \/>\n<meta name=\"twitter:card\" content=\"summary_large_image\" \/>\n<meta name=\"twitter:label1\" content=\"Ber\u00e4knad l\u00e4stid\" \/>\n\t<meta name=\"twitter:data1\" content=\"2 minuter\" \/>\n<script type=\"application\/ld+json\" class=\"yoast-schema-graph\">{\"@context\":\"https:\\\/\\\/schema.org\",\"@graph\":[{\"@type\":\"WebPage\",\"@id\":\"https:\\\/\\\/www.loopme.io\\\/sv\\\/vetenskaplig-social-media\\\/\",\"url\":\"https:\\\/\\\/www.loopme.io\\\/sv\\\/vetenskaplig-social-media\\\/\",\"name\":\"Vetenskaplig social media | LoopMe\",\"isPartOf\":{\"@id\":\"https:\\\/\\\/www.loopme.io\\\/sv\\\/#website\"},\"datePublished\":\"2020-04-08T18:27:54+00:00\",\"dateModified\":\"2024-03-17T13:48:42+00:00\",\"breadcrumb\":{\"@id\":\"https:\\\/\\\/www.loopme.io\\\/sv\\\/vetenskaplig-social-media\\\/#breadcrumb\"},\"inLanguage\":\"sv-SE\",\"potentialAction\":[{\"@type\":\"ReadAction\",\"target\":[\"https:\\\/\\\/www.loopme.io\\\/sv\\\/vetenskaplig-social-media\\\/\"]}]},{\"@type\":\"BreadcrumbList\",\"@id\":\"https:\\\/\\\/www.loopme.io\\\/sv\\\/vetenskaplig-social-media\\\/#breadcrumb\",\"itemListElement\":[{\"@type\":\"ListItem\",\"position\":1,\"name\":\"Home\",\"item\":\"https:\\\/\\\/www.loopme.io\\\/sv\\\/\"},{\"@type\":\"ListItem\",\"position\":2,\"name\":\"Vetenskaplig social media\"}]},{\"@type\":\"WebSite\",\"@id\":\"https:\\\/\\\/www.loopme.io\\\/sv\\\/#website\",\"url\":\"https:\\\/\\\/www.loopme.io\\\/sv\\\/\",\"name\":\"LoopMe\",\"description\":\"Shed light on individual development and ease your requirement as a leader\",\"publisher\":{\"@id\":\"https:\\\/\\\/www.loopme.io\\\/sv\\\/#organization\"},\"potentialAction\":[{\"@type\":\"SearchAction\",\"target\":{\"@type\":\"EntryPoint\",\"urlTemplate\":\"https:\\\/\\\/www.loopme.io\\\/sv\\\/?s={search_term_string}\"},\"query-input\":{\"@type\":\"PropertyValueSpecification\",\"valueRequired\":true,\"valueName\":\"search_term_string\"}}],\"inLanguage\":\"sv-SE\"},{\"@type\":\"Organization\",\"@id\":\"https:\\\/\\\/www.loopme.io\\\/sv\\\/#organization\",\"name\":\"LoopMe\",\"url\":\"https:\\\/\\\/www.loopme.io\\\/sv\\\/\",\"logo\":{\"@type\":\"ImageObject\",\"inLanguage\":\"sv-SE\",\"@id\":\"https:\\\/\\\/www.loopme.io\\\/sv\\\/#\\\/schema\\\/logo\\\/image\\\/\",\"url\":\"http:\\\/\\\/dev.loopme.io\\\/wp-content\\\/uploads\\\/2020\\\/04\\\/logo_teal_500.png\",\"contentUrl\":\"http:\\\/\\\/dev.loopme.io\\\/wp-content\\\/uploads\\\/2020\\\/04\\\/logo_teal_500.png\",\"width\":500,\"height\":500,\"caption\":\"LoopMe\"},\"image\":{\"@id\":\"https:\\\/\\\/www.loopme.io\\\/sv\\\/#\\\/schema\\\/logo\\\/image\\\/\"},\"sameAs\":[\"https:\\\/\\\/www.facebook.com\\\/meanalytics\",\"https:\\\/\\\/www.linkedin.com\\\/company\\\/loopme-me-analytics-ab\",\"https:\\\/\\\/www.youtube.com\\\/channel\\\/UCqVPcXPMa7eR7v7BxkObx3Q\"]}]}<\/script>\n<!-- \/ Yoast SEO plugin. -->","yoast_head_json":{"title":"Vetenskaplig social media | LoopMe","robots":{"index":"index","follow":"follow","max-snippet":"max-snippet:-1","max-image-preview":"max-image-preview:large","max-video-preview":"max-video-preview:-1"},"canonical":"https:\/\/www.loopme.io\/sv\/vetenskaplig-social-media\/","og_locale":"sv_SE","og_type":"article","og_title":"Vetenskaplig social media | LoopMe","og_description":"[vc_row][vc_column column_width_percent=&#8221;100&#8243; align_horizontal=&#8221;align_center&#8221; gutter_size=&#8221;3&#8243; overlay_alpha=&#8221;50&#8243; shift_x=&#8221;0&#8243; shift_y=&#8221;0&#8243; shift_y_down=&#8221;0&#8243; z_index=&#8221;0&#8243; medium_width=&#8221;0&#8243; mobile_width=&#8221;0&#8243; width=&#8221;1\/1&#8243;][vc_custom_heading separator=&#8221;yes&#8221; separator_color=&#8221;yes&#8221;]VAD \u00c4R VETENSKAPLIG SOCIAL MEDIA?[\/vc_custom_heading][\/vc_column][\/vc_row][vc_row][vc_column width=&#8221;1\/2&#8243;][vc_column_text uncode_shortcode_id=&#8221;160911&#8243;]LoopMe [&hellip;]","og_url":"https:\/\/www.loopme.io\/sv\/vetenskaplig-social-media\/","og_site_name":"LoopMe","article_publisher":"https:\/\/www.facebook.com\/meanalytics","article_modified_time":"2024-03-17T13:48:42+00:00","twitter_card":"summary_large_image","twitter_misc":{"Ber\u00e4knad l\u00e4stid":"2 minuter"},"schema":{"@context":"https:\/\/schema.org","@graph":[{"@type":"WebPage","@id":"https:\/\/www.loopme.io\/sv\/vetenskaplig-social-media\/","url":"https:\/\/www.loopme.io\/sv\/vetenskaplig-social-media\/","name":"Vetenskaplig social media | LoopMe","isPartOf":{"@id":"https:\/\/www.loopme.io\/sv\/#website"},"datePublished":"2020-04-08T18:27:54+00:00","dateModified":"2024-03-17T13:48:42+00:00","breadcrumb":{"@id":"https:\/\/www.loopme.io\/sv\/vetenskaplig-social-media\/#breadcrumb"},"inLanguage":"sv-SE","potentialAction":[{"@type":"ReadAction","target":["https:\/\/www.loopme.io\/sv\/vetenskaplig-social-media\/"]}]},{"@type":"BreadcrumbList","@id":"https:\/\/www.loopme.io\/sv\/vetenskaplig-social-media\/#breadcrumb","itemListElement":[{"@type":"ListItem","position":1,"name":"Home","item":"https:\/\/www.loopme.io\/sv\/"},{"@type":"ListItem","position":2,"name":"Vetenskaplig social media"}]},{"@type":"WebSite","@id":"https:\/\/www.loopme.io\/sv\/#website","url":"https:\/\/www.loopme.io\/sv\/","name":"LoopMe","description":"Shed light on individual development and ease your requirement as a leader","publisher":{"@id":"https:\/\/www.loopme.io\/sv\/#organization"},"potentialAction":[{"@type":"SearchAction","target":{"@type":"EntryPoint","urlTemplate":"https:\/\/www.loopme.io\/sv\/?s={search_term_string}"},"query-input":{"@type":"PropertyValueSpecification","valueRequired":true,"valueName":"search_term_string"}}],"inLanguage":"sv-SE"},{"@type":"Organization","@id":"https:\/\/www.loopme.io\/sv\/#organization","name":"LoopMe","url":"https:\/\/www.loopme.io\/sv\/","logo":{"@type":"ImageObject","inLanguage":"sv-SE","@id":"https:\/\/www.loopme.io\/sv\/#\/schema\/logo\/image\/","url":"http:\/\/dev.loopme.io\/wp-content\/uploads\/2020\/04\/logo_teal_500.png","contentUrl":"http:\/\/dev.loopme.io\/wp-content\/uploads\/2020\/04\/logo_teal_500.png","width":500,"height":500,"caption":"LoopMe"},"image":{"@id":"https:\/\/www.loopme.io\/sv\/#\/schema\/logo\/image\/"},"sameAs":["https:\/\/www.facebook.com\/meanalytics","https:\/\/www.linkedin.com\/company\/loopme-me-analytics-ab","https:\/\/www.youtube.com\/channel\/UCqVPcXPMa7eR7v7BxkObx3Q"]}]}},"_links":{"self":[{"href":"https:\/\/www.loopme.io\/sv\/wp-json\/wp\/v2\/pages\/1712","targetHints":{"allow":["GET"]}}],"collection":[{"href":"https:\/\/www.loopme.io\/sv\/wp-json\/wp\/v2\/pages"}],"about":[{"href":"https:\/\/www.loopme.io\/sv\/wp-json\/wp\/v2\/types\/page"}],"author":[{"embeddable":true,"href":"https:\/\/www.loopme.io\/sv\/wp-json\/wp\/v2\/users\/1"}],"replies":[{"embeddable":true,"href":"https:\/\/www.loopme.io\/sv\/wp-json\/wp\/v2\/comments?post=1712"}],"version-history":[{"count":3,"href":"https:\/\/www.loopme.io\/sv\/wp-json\/wp\/v2\/pages\/1712\/revisions"}],"predecessor-version":[{"id":4456,"href":"https:\/\/www.loopme.io\/sv\/wp-json\/wp\/v2\/pages\/1712\/revisions\/4456"}],"wp:attachment":[{"href":"https:\/\/www.loopme.io\/sv\/wp-json\/wp\/v2\/media?parent=1712"}],"curies":[{"name":"wp","href":"https:\/\/api.w.org\/{rel}","templated":true}]}}