{"id":1993,"date":"2020-10-28T15:00:42","date_gmt":"2020-10-28T15:00:42","guid":{"rendered":"https:\/\/www.loopme.io\/?page_id=1993"},"modified":"2020-10-28T15:59:33","modified_gmt":"2020-10-28T15:59:33","slug":"cookie-policy","status":"publish","type":"page","link":"https:\/\/www.loopme.io\/sv\/cookie-policy\/","title":{"rendered":"Cookie policy"},"content":{"rendered":"<div class=\"wpb-content-wrapper\"><p>[vc_row][vc_column width=&#8221;1\/1&#8243;][vc_custom_heading text_color=&#8221;accent&#8221; sub_lead=&#8221;yes&#8221; sub_reduced=&#8221;yes&#8221; subheading=&#8221;Me Analytics AB anv\u00e4nder cookies p\u00e5 sin webbplats www.loopme.io f\u00f6r att optimera din upplevelse. I denna cookie-policy f\u00f6rklarar vi vilken data vi samlar in, varf\u00f6r vi samlar in den och vad vi anv\u00e4nder den till.&#8221;]<\/p>\n<h1><span style=\"color: #8bbfbf;\">Cookie Policy<\/span><\/h1>\n<p>[\/vc_custom_heading][\/vc_column][\/vc_row][vc_row][vc_column width=&#8221;1\/1&#8243;][vc_custom_heading]<\/p>\n<h2><span style=\"color: #8bbfbf;\">S\u00e5 h\u00e4r anv\u00e4nder LoopMe cookies<\/span><\/h2>\n<p>[\/vc_custom_heading][vc_column_text]<\/p>\n<div><strong>Senast \u00e4ndrad: 27 oktober 2020<\/strong><\/div>\n<div>\n<p>En cookie \u00e4r en liten fil som webbplatser som du bes\u00f6ker skickar till din webbl\u00e4sare. P\u00e5 s\u00e5 s\u00e4tt kan webbplatsen komma ih\u00e5g information om ditt bes\u00f6k, som vilket spr\u00e5k du vill anv\u00e4nda och andra inst\u00e4llningar. Det underl\u00e4ttar vid n\u00e4sta bes\u00f6k, och webbplatsen blir mer anv\u00e4ndbar. Cookies spelar en viktig roll. Utan dem skulle du f\u00f6rmodligen bli frustrerad n\u00e4r du anv\u00e4nder webben.<\/p>\n<p>Vi anv\u00e4nder cookies f\u00f6r flera \u00e4ndam\u00e5l. Vi anv\u00e4nder dem till exempel f\u00f6r att spara vilket spr\u00e5k du har valt, samt f\u00f6r att underl\u00e4tta f\u00f6r dig n\u00e4r du loggar in p\u00e5 ditt LoopMe-konto.<\/p>\n<p>H\u00e4r nedan presenterar vi en lista \u00f6ver de typer av cookies som LoopMe anv\u00e4nder. I v\u00e5r cookie-policy f\u00f6rklarar vi bland annat hur vi skyddar din integritet n\u00e4r vi anv\u00e4nder cookies.<\/p><\/div>\n<p>[\/vc_column_text][vc_column_text]<\/p>\n<h4><strong>Anv\u00e4ndningsomr\u00e5den och exempel<\/strong><\/h4>\n<p><strong>Inst\u00e4llningar<\/strong><\/p>\n<ul>\n<li>Denna cookie g\u00f6r det m\u00f6jligt f\u00f6r oss att spara information om hur en webbplats ska visas, t.ex. information om vilket spr\u00e5k som ska anv\u00e4ndas. Om informationen som lagrats i en inst\u00e4llningscookie g\u00e5r f\u00f6rlorad blir upplevelsen s\u00e4mre, men webbplatsen kommer \u00e4nd\u00e5 att fungera som den ska.<\/li>\n<\/ul>\n<p><strong>S\u00e4kerhet<\/strong><\/p>\n<ul>\n<li>Om du anv\u00e4nder dig av Google-inloggning p\u00e5 LoopMe s\u00e5 kommer vi att anv\u00e4nda oss av Googles s\u00e4kerhetscookies f\u00f6r att autentisera anv\u00e4ndaruppgifter samt f\u00f6r att f\u00f6rhindra bedr\u00e4glig anv\u00e4ndning av inloggningsuppgifter och att obeh\u00f6riga kommer \u00e5t anv\u00e4ndardata.<\/li>\n<\/ul>\n<p>&nbsp;[\/vc_column_text][\/vc_column][\/vc_row][vc_row][vc_column width=&#8221;1\/1&#8243;][vc_custom_heading]<\/p>\n<h2><span style=\"color: #8bbfbf;\">Radering och blockering av cookies<\/span><\/h2>\n<p>[\/vc_custom_heading][vc_column_text]De flesta webbl\u00e4sare accepterar cookies automatiskt men genom inst\u00e4llningar i din webbl\u00e4sare kan du blockera och ta bort cookies. Hur detta g\u00f6rs till skiljer sig \u00e5t mellan olika webbl\u00e4sare och g\u00e5r att l\u00e4sa mer om i instruktionerna till webbl\u00e4saren alternativt i den hj\u00e4lpfunktion som finns i de flesta webbl\u00e4sare.<\/p>\n<p>Mer information om hur du hanterar och tar bort cookies finns ocks\u00e5 p\u00e5 <a href=\"http:\/\/www.aboutcookies.org\">www.aboutcookies.org<\/a>.[\/vc_column_text][\/vc_column][\/vc_row]<\/p>\n<\/div>","protected":false},"excerpt":{"rendered":"<p>[vc_row][vc_column width=&#8221;1\/1&#8243;][vc_custom_heading text_color=&#8221;accent&#8221; sub_lead=&#8221;yes&#8221; sub_reduced=&#8221;yes&#8221; subheading=&#8221;Me Analytics AB anv\u00e4nder cookies p\u00e5 sin webbplats www.loopme.io f\u00f6r att optimera din upplevelse. I [&hellip;]<\/p>\n","protected":false},"author":1,"featured_media":0,"parent":0,"menu_order":0,"comment_status":"closed","ping_status":"closed","template":"","meta":{"_monsterinsights_skip_tracking":false,"_monsterinsights_sitenote_active":false,"_monsterinsights_sitenote_note":"","_monsterinsights_sitenote_category":0,"footnotes":""},"class_list":["post-1993","page","type-page","status-publish","hentry"],"yoast_head":"<!-- This site is optimized with the Yoast SEO plugin v27.4 - https:\/\/yoast.com\/product\/yoast-seo-wordpress\/ -->\n<title>Cookie policy | LoopMe<\/title>\n<meta name=\"robots\" content=\"index, follow, max-snippet:-1, max-image-preview:large, max-video-preview:-1\" \/>\n<link rel=\"canonical\" href=\"https:\/\/www.loopme.io\/sv\/cookie-policy\/\" \/>\n<meta property=\"og:locale\" content=\"sv_SE\" \/>\n<meta property=\"og:type\" content=\"article\" \/>\n<meta property=\"og:title\" content=\"Cookie policy | LoopMe\" \/>\n<meta property=\"og:description\" content=\"[vc_row][vc_column width=&#8221;1\/1&#8243;][vc_custom_heading text_color=&#8221;accent&#8221; sub_lead=&#8221;yes&#8221; sub_reduced=&#8221;yes&#8221; subheading=&#8221;Me Analytics AB anv\u00e4nder cookies p\u00e5 sin webbplats www.loopme.io f\u00f6r att optimera din upplevelse. I [&hellip;]\" \/>\n<meta property=\"og:url\" content=\"https:\/\/www.loopme.io\/sv\/cookie-policy\/\" \/>\n<meta property=\"og:site_name\" content=\"LoopMe\" \/>\n<meta property=\"article:publisher\" content=\"https:\/\/www.facebook.com\/meanalytics\" \/>\n<meta property=\"article:modified_time\" content=\"2020-10-28T15:59:33+00:00\" \/>\n<meta name=\"twitter:card\" content=\"summary_large_image\" \/>\n<meta name=\"twitter:label1\" content=\"Ber\u00e4knad l\u00e4stid\" \/>\n\t<meta name=\"twitter:data1\" content=\"2 minuter\" \/>\n<script type=\"application\/ld+json\" class=\"yoast-schema-graph\">{\"@context\":\"https:\\\/\\\/schema.org\",\"@graph\":[{\"@type\":\"WebPage\",\"@id\":\"https:\\\/\\\/www.loopme.io\\\/sv\\\/cookie-policy\\\/\",\"url\":\"https:\\\/\\\/www.loopme.io\\\/sv\\\/cookie-policy\\\/\",\"name\":\"Cookie policy | LoopMe\",\"isPartOf\":{\"@id\":\"https:\\\/\\\/www.loopme.io\\\/sv\\\/#website\"},\"datePublished\":\"2020-10-28T15:00:42+00:00\",\"dateModified\":\"2020-10-28T15:59:33+00:00\",\"breadcrumb\":{\"@id\":\"https:\\\/\\\/www.loopme.io\\\/sv\\\/cookie-policy\\\/#breadcrumb\"},\"inLanguage\":\"sv-SE\",\"potentialAction\":[{\"@type\":\"ReadAction\",\"target\":[\"https:\\\/\\\/www.loopme.io\\\/sv\\\/cookie-policy\\\/\"]}]},{\"@type\":\"BreadcrumbList\",\"@id\":\"https:\\\/\\\/www.loopme.io\\\/sv\\\/cookie-policy\\\/#breadcrumb\",\"itemListElement\":[{\"@type\":\"ListItem\",\"position\":1,\"name\":\"Home\",\"item\":\"https:\\\/\\\/loopme.se\\\/sv\\\/\"},{\"@type\":\"ListItem\",\"position\":2,\"name\":\"Cookie policy\"}]},{\"@type\":\"WebSite\",\"@id\":\"https:\\\/\\\/www.loopme.io\\\/sv\\\/#website\",\"url\":\"https:\\\/\\\/www.loopme.io\\\/sv\\\/\",\"name\":\"LoopMe\",\"description\":\"Shed light on individual development and ease your requirement as a leader\",\"publisher\":{\"@id\":\"https:\\\/\\\/www.loopme.io\\\/sv\\\/#organization\"},\"potentialAction\":[{\"@type\":\"SearchAction\",\"target\":{\"@type\":\"EntryPoint\",\"urlTemplate\":\"https:\\\/\\\/www.loopme.io\\\/sv\\\/?s={search_term_string}\"},\"query-input\":{\"@type\":\"PropertyValueSpecification\",\"valueRequired\":true,\"valueName\":\"search_term_string\"}}],\"inLanguage\":\"sv-SE\"},{\"@type\":\"Organization\",\"@id\":\"https:\\\/\\\/www.loopme.io\\\/sv\\\/#organization\",\"name\":\"LoopMe\",\"url\":\"https:\\\/\\\/www.loopme.io\\\/sv\\\/\",\"logo\":{\"@type\":\"ImageObject\",\"inLanguage\":\"sv-SE\",\"@id\":\"https:\\\/\\\/www.loopme.io\\\/sv\\\/#\\\/schema\\\/logo\\\/image\\\/\",\"url\":\"http:\\\/\\\/dev.loopme.io\\\/wp-content\\\/uploads\\\/2020\\\/04\\\/logo_teal_500.png\",\"contentUrl\":\"http:\\\/\\\/dev.loopme.io\\\/wp-content\\\/uploads\\\/2020\\\/04\\\/logo_teal_500.png\",\"width\":500,\"height\":500,\"caption\":\"LoopMe\"},\"image\":{\"@id\":\"https:\\\/\\\/www.loopme.io\\\/sv\\\/#\\\/schema\\\/logo\\\/image\\\/\"},\"sameAs\":[\"https:\\\/\\\/www.facebook.com\\\/meanalytics\",\"https:\\\/\\\/www.linkedin.com\\\/company\\\/loopme-me-analytics-ab\",\"https:\\\/\\\/www.youtube.com\\\/channel\\\/UCqVPcXPMa7eR7v7BxkObx3Q\"]}]}<\/script>\n<!-- \/ Yoast SEO plugin. -->","yoast_head_json":{"title":"Cookie policy | LoopMe","robots":{"index":"index","follow":"follow","max-snippet":"max-snippet:-1","max-image-preview":"max-image-preview:large","max-video-preview":"max-video-preview:-1"},"canonical":"https:\/\/www.loopme.io\/sv\/cookie-policy\/","og_locale":"sv_SE","og_type":"article","og_title":"Cookie policy | LoopMe","og_description":"[vc_row][vc_column width=&#8221;1\/1&#8243;][vc_custom_heading text_color=&#8221;accent&#8221; sub_lead=&#8221;yes&#8221; sub_reduced=&#8221;yes&#8221; subheading=&#8221;Me Analytics AB anv\u00e4nder cookies p\u00e5 sin webbplats www.loopme.io f\u00f6r att optimera din upplevelse. I [&hellip;]","og_url":"https:\/\/www.loopme.io\/sv\/cookie-policy\/","og_site_name":"LoopMe","article_publisher":"https:\/\/www.facebook.com\/meanalytics","article_modified_time":"2020-10-28T15:59:33+00:00","twitter_card":"summary_large_image","twitter_misc":{"Ber\u00e4knad l\u00e4stid":"2 minuter"},"schema":{"@context":"https:\/\/schema.org","@graph":[{"@type":"WebPage","@id":"https:\/\/www.loopme.io\/sv\/cookie-policy\/","url":"https:\/\/www.loopme.io\/sv\/cookie-policy\/","name":"Cookie policy | LoopMe","isPartOf":{"@id":"https:\/\/www.loopme.io\/sv\/#website"},"datePublished":"2020-10-28T15:00:42+00:00","dateModified":"2020-10-28T15:59:33+00:00","breadcrumb":{"@id":"https:\/\/www.loopme.io\/sv\/cookie-policy\/#breadcrumb"},"inLanguage":"sv-SE","potentialAction":[{"@type":"ReadAction","target":["https:\/\/www.loopme.io\/sv\/cookie-policy\/"]}]},{"@type":"BreadcrumbList","@id":"https:\/\/www.loopme.io\/sv\/cookie-policy\/#breadcrumb","itemListElement":[{"@type":"ListItem","position":1,"name":"Home","item":"https:\/\/loopme.se\/sv\/"},{"@type":"ListItem","position":2,"name":"Cookie policy"}]},{"@type":"WebSite","@id":"https:\/\/www.loopme.io\/sv\/#website","url":"https:\/\/www.loopme.io\/sv\/","name":"LoopMe","description":"Shed light on individual development and ease your requirement as a leader","publisher":{"@id":"https:\/\/www.loopme.io\/sv\/#organization"},"potentialAction":[{"@type":"SearchAction","target":{"@type":"EntryPoint","urlTemplate":"https:\/\/www.loopme.io\/sv\/?s={search_term_string}"},"query-input":{"@type":"PropertyValueSpecification","valueRequired":true,"valueName":"search_term_string"}}],"inLanguage":"sv-SE"},{"@type":"Organization","@id":"https:\/\/www.loopme.io\/sv\/#organization","name":"LoopMe","url":"https:\/\/www.loopme.io\/sv\/","logo":{"@type":"ImageObject","inLanguage":"sv-SE","@id":"https:\/\/www.loopme.io\/sv\/#\/schema\/logo\/image\/","url":"http:\/\/dev.loopme.io\/wp-content\/uploads\/2020\/04\/logo_teal_500.png","contentUrl":"http:\/\/dev.loopme.io\/wp-content\/uploads\/2020\/04\/logo_teal_500.png","width":500,"height":500,"caption":"LoopMe"},"image":{"@id":"https:\/\/www.loopme.io\/sv\/#\/schema\/logo\/image\/"},"sameAs":["https:\/\/www.facebook.com\/meanalytics","https:\/\/www.linkedin.com\/company\/loopme-me-analytics-ab","https:\/\/www.youtube.com\/channel\/UCqVPcXPMa7eR7v7BxkObx3Q"]}]}},"_links":{"self":[{"href":"https:\/\/www.loopme.io\/sv\/wp-json\/wp\/v2\/pages\/1993","targetHints":{"allow":["GET"]}}],"collection":[{"href":"https:\/\/www.loopme.io\/sv\/wp-json\/wp\/v2\/pages"}],"about":[{"href":"https:\/\/www.loopme.io\/sv\/wp-json\/wp\/v2\/types\/page"}],"author":[{"embeddable":true,"href":"https:\/\/www.loopme.io\/sv\/wp-json\/wp\/v2\/users\/1"}],"replies":[{"embeddable":true,"href":"https:\/\/www.loopme.io\/sv\/wp-json\/wp\/v2\/comments?post=1993"}],"version-history":[{"count":2,"href":"https:\/\/www.loopme.io\/sv\/wp-json\/wp\/v2\/pages\/1993\/revisions"}],"predecessor-version":[{"id":1995,"href":"https:\/\/www.loopme.io\/sv\/wp-json\/wp\/v2\/pages\/1993\/revisions\/1995"}],"wp:attachment":[{"href":"https:\/\/www.loopme.io\/sv\/wp-json\/wp\/v2\/media?parent=1993"}],"curies":[{"name":"wp","href":"https:\/\/api.w.org\/{rel}","templated":true}]}}